{"id":3349,"date":"2021-03-12T13:25:54","date_gmt":"2021-03-12T12:25:54","guid":{"rendered":"https:\/\/www.linquake.nl\/tamara-fabritzius\/"},"modified":"2023-03-15T08:48:10","modified_gmt":"2023-03-15T07:48:10","slug":"tamara-fabritzius","status":"publish","type":"page","link":"https:\/\/www.linquake.nl\/de\/ueber-uns\/unser-team\/tamara-fabritzius","title":{"rendered":"Tamara Fabritzius"},"content":{"rendered":"","protected":false},"excerpt":{"rendered":"","protected":false},"author":14,"featured_media":0,"parent":4169,"menu_order":0,"comment_status":"closed","ping_status":"closed","template":"","meta":{"_acf_changed":false,"footnotes":""},"class_list":["post-3349","page","type-page","status-publish","hentry"],"acf":[],"yoast_head":"<!-- This site is optimized with the Yoast SEO plugin v26.6 - https:\/\/yoast.com\/wordpress\/plugins\/seo\/ -->\n<title>Tamara Fabritzius | LinQuake<\/title>\n<meta name=\"description\" content=\"Tamara Fabritzius kennenlernen: \u201eEs war h\u00f6chste Zeit f\u00fcr meine erste berufliche Herausforderung in der niederl\u00e4ndischen \u00dcbersetzungswelt. Wie gesagt, so getan.\u201c\" \/>\n<meta name=\"robots\" content=\"index, follow, max-snippet:-1, max-image-preview:large, max-video-preview:-1\" \/>\n<link rel=\"canonical\" href=\"https:\/\/www.linquake.nl\/de\/ueber-uns\/unser-team\/tamara-fabritzius\" \/>\n<meta property=\"og:locale\" content=\"de_DE\" \/>\n<meta property=\"og:type\" content=\"article\" \/>\n<meta property=\"og:title\" content=\"Tamara Fabritzius | LinQuake\" \/>\n<meta property=\"og:description\" content=\"Tamara Fabritzius kennenlernen: \u201eEs war h\u00f6chste Zeit f\u00fcr meine erste berufliche Herausforderung in der niederl\u00e4ndischen \u00dcbersetzungswelt. Wie gesagt, so getan.\u201c\" \/>\n<meta property=\"og:url\" content=\"https:\/\/www.linquake.nl\/de\/ueber-uns\/unser-team\/tamara-fabritzius\" \/>\n<meta property=\"og:site_name\" content=\"LinQuake\" \/>\n<meta property=\"article:publisher\" content=\"https:\/\/www.facebook.com\/LinQuakeNL\/\" \/>\n<meta property=\"article:modified_time\" content=\"2023-03-15T07:48:10+00:00\" \/>\n<meta property=\"og:image\" content=\"https:\/\/www.linquake.nl\/wp-content\/uploads\/2019\/10\/Foto-Tamara-1200x628-Facebook.jpg\" \/>\n<meta name=\"twitter:card\" content=\"summary_large_image\" \/>\n<meta name=\"twitter:image\" content=\"https:\/\/www.linquake.nl\/wp-content\/uploads\/2019\/10\/Foto-Tamara-1024x512-Twitter.jpg\" \/>\n<script type=\"application\/ld+json\" class=\"yoast-schema-graph\">{\"@context\":\"https:\/\/schema.org\",\"@graph\":[{\"@type\":\"WebPage\",\"@id\":\"https:\/\/www.linquake.nl\/de\/ueber-uns\/unser-team\/tamara-fabritzius\",\"url\":\"https:\/\/www.linquake.nl\/de\/ueber-uns\/unser-team\/tamara-fabritzius\",\"name\":\"Tamara Fabritzius | LinQuake\",\"isPartOf\":{\"@id\":\"https:\/\/www.linquake.nl\/de#website\"},\"datePublished\":\"2021-03-12T12:25:54+00:00\",\"dateModified\":\"2023-03-15T07:48:10+00:00\",\"description\":\"Tamara Fabritzius kennenlernen: \u201eEs war h\u00f6chste Zeit f\u00fcr meine erste berufliche Herausforderung in der niederl\u00e4ndischen \u00dcbersetzungswelt. Wie gesagt, so getan.\u201c\",\"breadcrumb\":{\"@id\":\"https:\/\/www.linquake.nl\/de\/ueber-uns\/unser-team\/tamara-fabritzius#breadcrumb\"},\"inLanguage\":\"de\",\"potentialAction\":[{\"@type\":\"ReadAction\",\"target\":[\"https:\/\/www.linquake.nl\/de\/ueber-uns\/unser-team\/tamara-fabritzius\"]}]},{\"@type\":\"BreadcrumbList\",\"@id\":\"https:\/\/www.linquake.nl\/de\/ueber-uns\/unser-team\/tamara-fabritzius#breadcrumb\",\"itemListElement\":[{\"@type\":\"ListItem\",\"position\":1,\"name\":\"Home\",\"item\":\"https:\/\/www.linquake.nl\/de\"},{\"@type\":\"ListItem\",\"position\":2,\"name\":\"\u00dcber uns\",\"item\":\"https:\/\/www.linquake.nl\/de\/ueber-uns\"},{\"@type\":\"ListItem\",\"position\":3,\"name\":\"Unser Team\",\"item\":\"https:\/\/www.linquake.nl\/de\/ueber-uns\/unser-team\"},{\"@type\":\"ListItem\",\"position\":4,\"name\":\"Tamara Fabritzius\"}]},{\"@type\":\"WebSite\",\"@id\":\"https:\/\/www.linquake.nl\/de#website\",\"url\":\"https:\/\/www.linquake.nl\/de\",\"name\":\"LinQuake\",\"description\":\"Translations, content management, consulting and technology\",\"publisher\":{\"@id\":\"https:\/\/www.linquake.nl\/de#organization\"},\"potentialAction\":[{\"@type\":\"SearchAction\",\"target\":{\"@type\":\"EntryPoint\",\"urlTemplate\":\"https:\/\/www.linquake.nl\/de?s={search_term_string}\"},\"query-input\":{\"@type\":\"PropertyValueSpecification\",\"valueRequired\":true,\"valueName\":\"search_term_string\"}}],\"inLanguage\":\"de\"},{\"@type\":\"Organization\",\"@id\":\"https:\/\/www.linquake.nl\/de#organization\",\"name\":\"LinQuake\",\"url\":\"https:\/\/www.linquake.nl\/de\",\"logo\":{\"@type\":\"ImageObject\",\"inLanguage\":\"de\",\"@id\":\"https:\/\/www.linquake.nl\/de#\/schema\/logo\/image\/\",\"url\":\"https:\/\/www.linquake.nl\/wp-content\/uploads\/2017\/09\/lqicon.png\",\"contentUrl\":\"https:\/\/www.linquake.nl\/wp-content\/uploads\/2017\/09\/lqicon.png\",\"width\":128,\"height\":128,\"caption\":\"LinQuake\"},\"image\":{\"@id\":\"https:\/\/www.linquake.nl\/de#\/schema\/logo\/image\/\"},\"sameAs\":[\"https:\/\/www.facebook.com\/LinQuakeNL\/\",\"https:\/\/www.linkedin.com\/company\/linquake\/\",\"https:\/\/www.youtube.com\/channel\/UCR8Yoj5i-tb0zzfp7NpZT-Q\"]}]}<\/script>\n<!-- \/ Yoast SEO plugin. -->","yoast_head_json":{"title":"Tamara Fabritzius | LinQuake","description":"Tamara Fabritzius kennenlernen: \u201eEs war h\u00f6chste Zeit f\u00fcr meine erste berufliche Herausforderung in der niederl\u00e4ndischen \u00dcbersetzungswelt. Wie gesagt, so getan.\u201c","robots":{"index":"index","follow":"follow","max-snippet":"max-snippet:-1","max-image-preview":"max-image-preview:large","max-video-preview":"max-video-preview:-1"},"canonical":"https:\/\/www.linquake.nl\/de\/ueber-uns\/unser-team\/tamara-fabritzius","og_locale":"de_DE","og_type":"article","og_title":"Tamara Fabritzius | LinQuake","og_description":"Tamara Fabritzius kennenlernen: \u201eEs war h\u00f6chste Zeit f\u00fcr meine erste berufliche Herausforderung in der niederl\u00e4ndischen \u00dcbersetzungswelt. Wie gesagt, so getan.\u201c","og_url":"https:\/\/www.linquake.nl\/de\/ueber-uns\/unser-team\/tamara-fabritzius","og_site_name":"LinQuake","article_publisher":"https:\/\/www.facebook.com\/LinQuakeNL\/","article_modified_time":"2023-03-15T07:48:10+00:00","og_image":[{"url":"https:\/\/www.linquake.nl\/wp-content\/uploads\/2019\/10\/Foto-Tamara-1200x628-Facebook.jpg","type":"","width":"","height":""}],"twitter_card":"summary_large_image","twitter_image":"https:\/\/www.linquake.nl\/wp-content\/uploads\/2019\/10\/Foto-Tamara-1024x512-Twitter.jpg","schema":{"@context":"https:\/\/schema.org","@graph":[{"@type":"WebPage","@id":"https:\/\/www.linquake.nl\/de\/ueber-uns\/unser-team\/tamara-fabritzius","url":"https:\/\/www.linquake.nl\/de\/ueber-uns\/unser-team\/tamara-fabritzius","name":"Tamara Fabritzius | LinQuake","isPartOf":{"@id":"https:\/\/www.linquake.nl\/de#website"},"datePublished":"2021-03-12T12:25:54+00:00","dateModified":"2023-03-15T07:48:10+00:00","description":"Tamara Fabritzius kennenlernen: \u201eEs war h\u00f6chste Zeit f\u00fcr meine erste berufliche Herausforderung in der niederl\u00e4ndischen \u00dcbersetzungswelt. Wie gesagt, so getan.\u201c","breadcrumb":{"@id":"https:\/\/www.linquake.nl\/de\/ueber-uns\/unser-team\/tamara-fabritzius#breadcrumb"},"inLanguage":"de","potentialAction":[{"@type":"ReadAction","target":["https:\/\/www.linquake.nl\/de\/ueber-uns\/unser-team\/tamara-fabritzius"]}]},{"@type":"BreadcrumbList","@id":"https:\/\/www.linquake.nl\/de\/ueber-uns\/unser-team\/tamara-fabritzius#breadcrumb","itemListElement":[{"@type":"ListItem","position":1,"name":"Home","item":"https:\/\/www.linquake.nl\/de"},{"@type":"ListItem","position":2,"name":"\u00dcber uns","item":"https:\/\/www.linquake.nl\/de\/ueber-uns"},{"@type":"ListItem","position":3,"name":"Unser Team","item":"https:\/\/www.linquake.nl\/de\/ueber-uns\/unser-team"},{"@type":"ListItem","position":4,"name":"Tamara Fabritzius"}]},{"@type":"WebSite","@id":"https:\/\/www.linquake.nl\/de#website","url":"https:\/\/www.linquake.nl\/de","name":"LinQuake","description":"Translations, content management, consulting and technology","publisher":{"@id":"https:\/\/www.linquake.nl\/de#organization"},"potentialAction":[{"@type":"SearchAction","target":{"@type":"EntryPoint","urlTemplate":"https:\/\/www.linquake.nl\/de?s={search_term_string}"},"query-input":{"@type":"PropertyValueSpecification","valueRequired":true,"valueName":"search_term_string"}}],"inLanguage":"de"},{"@type":"Organization","@id":"https:\/\/www.linquake.nl\/de#organization","name":"LinQuake","url":"https:\/\/www.linquake.nl\/de","logo":{"@type":"ImageObject","inLanguage":"de","@id":"https:\/\/www.linquake.nl\/de#\/schema\/logo\/image\/","url":"https:\/\/www.linquake.nl\/wp-content\/uploads\/2017\/09\/lqicon.png","contentUrl":"https:\/\/www.linquake.nl\/wp-content\/uploads\/2017\/09\/lqicon.png","width":128,"height":128,"caption":"LinQuake"},"image":{"@id":"https:\/\/www.linquake.nl\/de#\/schema\/logo\/image\/"},"sameAs":["https:\/\/www.facebook.com\/LinQuakeNL\/","https:\/\/www.linkedin.com\/company\/linquake\/","https:\/\/www.youtube.com\/channel\/UCR8Yoj5i-tb0zzfp7NpZT-Q"]}]}},"_links":{"self":[{"href":"https:\/\/www.linquake.nl\/de\/wp-json\/wp\/v2\/pages\/3349","targetHints":{"allow":["GET"]}}],"collection":[{"href":"https:\/\/www.linquake.nl\/de\/wp-json\/wp\/v2\/pages"}],"about":[{"href":"https:\/\/www.linquake.nl\/de\/wp-json\/wp\/v2\/types\/page"}],"author":[{"embeddable":true,"href":"https:\/\/www.linquake.nl\/de\/wp-json\/wp\/v2\/users\/14"}],"replies":[{"embeddable":true,"href":"https:\/\/www.linquake.nl\/de\/wp-json\/wp\/v2\/comments?post=3349"}],"version-history":[{"count":0,"href":"https:\/\/www.linquake.nl\/de\/wp-json\/wp\/v2\/pages\/3349\/revisions"}],"up":[{"embeddable":true,"href":"https:\/\/www.linquake.nl\/de\/wp-json\/wp\/v2\/pages\/4169"}],"wp:attachment":[{"href":"https:\/\/www.linquake.nl\/de\/wp-json\/wp\/v2\/media?parent=3349"}],"curies":[{"name":"wp","href":"https:\/\/api.w.org\/{rel}","templated":true}]}}