{"id":3625,"date":"2021-04-22T15:05:27","date_gmt":"2021-04-22T13:05:27","guid":{"rendered":"https:\/\/www.linquake.nl\/kontakt\/anmeldung-newsletter\/"},"modified":"2024-10-24T11:39:07","modified_gmt":"2024-10-24T09:39:07","slug":"anmeldung-newsletter","status":"publish","type":"page","link":"https:\/\/www.linquake.nl\/de\/kontakt\/anmeldung-newsletter","title":{"rendered":"Anmeldung Newsletter"},"content":{"rendered":"","protected":false},"excerpt":{"rendered":"","protected":false},"author":14,"featured_media":0,"parent":2693,"menu_order":0,"comment_status":"closed","ping_status":"closed","template":"","meta":{"_acf_changed":false,"footnotes":""},"class_list":["post-3625","page","type-page","status-publish","hentry"],"acf":[],"yoast_head":"<!-- This site is optimized with the Yoast SEO plugin v26.6 - https:\/\/yoast.com\/wordpress\/plugins\/seo\/ -->\n<title>Newsletter - \u00dcbersetzungsb\u00fcro LinQuake - Professionelle \u00dcbersetzungen<\/title>\n<meta name=\"description\" content=\"M\u00f6chten Sie \u00fcber die aktuellen Neuigkeiten auf dem Laufenden bleiben? Melden Sie sich hier f\u00fcr den Newsletter von \u00dcbersetzungsb\u00fcro LinQuake an.\" \/>\n<meta name=\"robots\" content=\"index, follow, max-snippet:-1, max-image-preview:large, max-video-preview:-1\" \/>\n<link rel=\"canonical\" href=\"https:\/\/www.linquake.nl\/de\/kontakt\/anmeldung-newsletter\" \/>\n<meta property=\"og:locale\" content=\"de_DE\" \/>\n<meta property=\"og:type\" content=\"article\" \/>\n<meta property=\"og:title\" content=\"Newsletter - \u00dcbersetzungsb\u00fcro LinQuake - Professionelle \u00dcbersetzungen\" \/>\n<meta property=\"og:description\" content=\"M\u00f6chten Sie \u00fcber die aktuellen Neuigkeiten auf dem Laufenden bleiben? Melden Sie sich hier f\u00fcr den Newsletter von \u00dcbersetzungsb\u00fcro LinQuake an.\" \/>\n<meta property=\"og:url\" content=\"https:\/\/www.linquake.nl\/de\/kontakt\/anmeldung-newsletter\" \/>\n<meta property=\"og:site_name\" content=\"LinQuake\" \/>\n<meta property=\"article:publisher\" content=\"https:\/\/www.facebook.com\/LinQuakeNL\/\" \/>\n<meta property=\"article:modified_time\" content=\"2024-10-24T09:39:07+00:00\" \/>\n<meta property=\"og:image\" content=\"https:\/\/www.linquake.nl\/wp-content\/uploads\/2022\/08\/Internationale-SEO-2.png\" \/>\n\t<meta property=\"og:image:width\" content=\"1410\" \/>\n\t<meta property=\"og:image:height\" content=\"600\" \/>\n\t<meta property=\"og:image:type\" content=\"image\/png\" \/>\n<meta name=\"twitter:card\" content=\"summary_large_image\" \/>\n<meta name=\"twitter:label1\" content=\"Gesch\u00e4tzte Lesezeit\" \/>\n\t<meta name=\"twitter:data1\" content=\"1\u00a0Minute\" \/>\n<script type=\"application\/ld+json\" class=\"yoast-schema-graph\">{\"@context\":\"https:\/\/schema.org\",\"@graph\":[{\"@type\":\"WebPage\",\"@id\":\"https:\/\/www.linquake.nl\/de\/kontakt\/anmeldung-newsletter\",\"url\":\"https:\/\/www.linquake.nl\/de\/kontakt\/anmeldung-newsletter\",\"name\":\"Newsletter - \u00dcbersetzungsb\u00fcro LinQuake - Professionelle \u00dcbersetzungen\",\"isPartOf\":{\"@id\":\"https:\/\/www.linquake.nl\/de#website\"},\"datePublished\":\"2021-04-22T13:05:27+00:00\",\"dateModified\":\"2024-10-24T09:39:07+00:00\",\"description\":\"M\u00f6chten Sie \u00fcber die aktuellen Neuigkeiten auf dem Laufenden bleiben? Melden Sie sich hier f\u00fcr den Newsletter von \u00dcbersetzungsb\u00fcro LinQuake an.\",\"breadcrumb\":{\"@id\":\"https:\/\/www.linquake.nl\/de\/kontakt\/anmeldung-newsletter#breadcrumb\"},\"inLanguage\":\"de\",\"potentialAction\":[{\"@type\":\"ReadAction\",\"target\":[\"https:\/\/www.linquake.nl\/de\/kontakt\/anmeldung-newsletter\"]}]},{\"@type\":\"BreadcrumbList\",\"@id\":\"https:\/\/www.linquake.nl\/de\/kontakt\/anmeldung-newsletter#breadcrumb\",\"itemListElement\":[{\"@type\":\"ListItem\",\"position\":1,\"name\":\"Home\",\"item\":\"https:\/\/www.linquake.nl\/de\"},{\"@type\":\"ListItem\",\"position\":2,\"name\":\"Kontakt\",\"item\":\"https:\/\/www.linquake.nl\/de\/kontakt\"},{\"@type\":\"ListItem\",\"position\":3,\"name\":\"Anmeldung Newsletter\"}]},{\"@type\":\"WebSite\",\"@id\":\"https:\/\/www.linquake.nl\/de#website\",\"url\":\"https:\/\/www.linquake.nl\/de\",\"name\":\"LinQuake\",\"description\":\"Translations, content management, consulting and technology\",\"publisher\":{\"@id\":\"https:\/\/www.linquake.nl\/de#organization\"},\"potentialAction\":[{\"@type\":\"SearchAction\",\"target\":{\"@type\":\"EntryPoint\",\"urlTemplate\":\"https:\/\/www.linquake.nl\/de?s={search_term_string}\"},\"query-input\":{\"@type\":\"PropertyValueSpecification\",\"valueRequired\":true,\"valueName\":\"search_term_string\"}}],\"inLanguage\":\"de\"},{\"@type\":\"Organization\",\"@id\":\"https:\/\/www.linquake.nl\/de#organization\",\"name\":\"LinQuake\",\"url\":\"https:\/\/www.linquake.nl\/de\",\"logo\":{\"@type\":\"ImageObject\",\"inLanguage\":\"de\",\"@id\":\"https:\/\/www.linquake.nl\/de#\/schema\/logo\/image\/\",\"url\":\"https:\/\/www.linquake.nl\/wp-content\/uploads\/2017\/09\/lqicon.png\",\"contentUrl\":\"https:\/\/www.linquake.nl\/wp-content\/uploads\/2017\/09\/lqicon.png\",\"width\":128,\"height\":128,\"caption\":\"LinQuake\"},\"image\":{\"@id\":\"https:\/\/www.linquake.nl\/de#\/schema\/logo\/image\/\"},\"sameAs\":[\"https:\/\/www.facebook.com\/LinQuakeNL\/\",\"https:\/\/www.linkedin.com\/company\/linquake\/\",\"https:\/\/www.youtube.com\/channel\/UCR8Yoj5i-tb0zzfp7NpZT-Q\"]}]}<\/script>\n<!-- \/ Yoast SEO plugin. -->","yoast_head_json":{"title":"Newsletter - \u00dcbersetzungsb\u00fcro LinQuake - Professionelle \u00dcbersetzungen","description":"M\u00f6chten Sie \u00fcber die aktuellen Neuigkeiten auf dem Laufenden bleiben? Melden Sie sich hier f\u00fcr den Newsletter von \u00dcbersetzungsb\u00fcro LinQuake an.","robots":{"index":"index","follow":"follow","max-snippet":"max-snippet:-1","max-image-preview":"max-image-preview:large","max-video-preview":"max-video-preview:-1"},"canonical":"https:\/\/www.linquake.nl\/de\/kontakt\/anmeldung-newsletter","og_locale":"de_DE","og_type":"article","og_title":"Newsletter - \u00dcbersetzungsb\u00fcro LinQuake - Professionelle \u00dcbersetzungen","og_description":"M\u00f6chten Sie \u00fcber die aktuellen Neuigkeiten auf dem Laufenden bleiben? Melden Sie sich hier f\u00fcr den Newsletter von \u00dcbersetzungsb\u00fcro LinQuake an.","og_url":"https:\/\/www.linquake.nl\/de\/kontakt\/anmeldung-newsletter","og_site_name":"LinQuake","article_publisher":"https:\/\/www.facebook.com\/LinQuakeNL\/","article_modified_time":"2024-10-24T09:39:07+00:00","og_image":[{"width":1410,"height":600,"url":"https:\/\/www.linquake.nl\/wp-content\/uploads\/2022\/08\/Internationale-SEO-2.png","type":"image\/png"}],"twitter_card":"summary_large_image","twitter_misc":{"Gesch\u00e4tzte Lesezeit":"1\u00a0Minute"},"schema":{"@context":"https:\/\/schema.org","@graph":[{"@type":"WebPage","@id":"https:\/\/www.linquake.nl\/de\/kontakt\/anmeldung-newsletter","url":"https:\/\/www.linquake.nl\/de\/kontakt\/anmeldung-newsletter","name":"Newsletter - \u00dcbersetzungsb\u00fcro LinQuake - Professionelle \u00dcbersetzungen","isPartOf":{"@id":"https:\/\/www.linquake.nl\/de#website"},"datePublished":"2021-04-22T13:05:27+00:00","dateModified":"2024-10-24T09:39:07+00:00","description":"M\u00f6chten Sie \u00fcber die aktuellen Neuigkeiten auf dem Laufenden bleiben? Melden Sie sich hier f\u00fcr den Newsletter von \u00dcbersetzungsb\u00fcro LinQuake an.","breadcrumb":{"@id":"https:\/\/www.linquake.nl\/de\/kontakt\/anmeldung-newsletter#breadcrumb"},"inLanguage":"de","potentialAction":[{"@type":"ReadAction","target":["https:\/\/www.linquake.nl\/de\/kontakt\/anmeldung-newsletter"]}]},{"@type":"BreadcrumbList","@id":"https:\/\/www.linquake.nl\/de\/kontakt\/anmeldung-newsletter#breadcrumb","itemListElement":[{"@type":"ListItem","position":1,"name":"Home","item":"https:\/\/www.linquake.nl\/de"},{"@type":"ListItem","position":2,"name":"Kontakt","item":"https:\/\/www.linquake.nl\/de\/kontakt"},{"@type":"ListItem","position":3,"name":"Anmeldung Newsletter"}]},{"@type":"WebSite","@id":"https:\/\/www.linquake.nl\/de#website","url":"https:\/\/www.linquake.nl\/de","name":"LinQuake","description":"Translations, content management, consulting and technology","publisher":{"@id":"https:\/\/www.linquake.nl\/de#organization"},"potentialAction":[{"@type":"SearchAction","target":{"@type":"EntryPoint","urlTemplate":"https:\/\/www.linquake.nl\/de?s={search_term_string}"},"query-input":{"@type":"PropertyValueSpecification","valueRequired":true,"valueName":"search_term_string"}}],"inLanguage":"de"},{"@type":"Organization","@id":"https:\/\/www.linquake.nl\/de#organization","name":"LinQuake","url":"https:\/\/www.linquake.nl\/de","logo":{"@type":"ImageObject","inLanguage":"de","@id":"https:\/\/www.linquake.nl\/de#\/schema\/logo\/image\/","url":"https:\/\/www.linquake.nl\/wp-content\/uploads\/2017\/09\/lqicon.png","contentUrl":"https:\/\/www.linquake.nl\/wp-content\/uploads\/2017\/09\/lqicon.png","width":128,"height":128,"caption":"LinQuake"},"image":{"@id":"https:\/\/www.linquake.nl\/de#\/schema\/logo\/image\/"},"sameAs":["https:\/\/www.facebook.com\/LinQuakeNL\/","https:\/\/www.linkedin.com\/company\/linquake\/","https:\/\/www.youtube.com\/channel\/UCR8Yoj5i-tb0zzfp7NpZT-Q"]}]}},"_links":{"self":[{"href":"https:\/\/www.linquake.nl\/de\/wp-json\/wp\/v2\/pages\/3625","targetHints":{"allow":["GET"]}}],"collection":[{"href":"https:\/\/www.linquake.nl\/de\/wp-json\/wp\/v2\/pages"}],"about":[{"href":"https:\/\/www.linquake.nl\/de\/wp-json\/wp\/v2\/types\/page"}],"author":[{"embeddable":true,"href":"https:\/\/www.linquake.nl\/de\/wp-json\/wp\/v2\/users\/14"}],"replies":[{"embeddable":true,"href":"https:\/\/www.linquake.nl\/de\/wp-json\/wp\/v2\/comments?post=3625"}],"version-history":[{"count":1,"href":"https:\/\/www.linquake.nl\/de\/wp-json\/wp\/v2\/pages\/3625\/revisions"}],"predecessor-version":[{"id":6595,"href":"https:\/\/www.linquake.nl\/de\/wp-json\/wp\/v2\/pages\/3625\/revisions\/6595"}],"up":[{"embeddable":true,"href":"https:\/\/www.linquake.nl\/de\/wp-json\/wp\/v2\/pages\/2693"}],"wp:attachment":[{"href":"https:\/\/www.linquake.nl\/de\/wp-json\/wp\/v2\/media?parent=3625"}],"curies":[{"name":"wp","href":"https:\/\/api.w.org\/{rel}","templated":true}]}}