{"id":3631,"date":"2021-04-22T15:16:27","date_gmt":"2021-04-22T13:16:27","guid":{"rendered":"https:\/\/www.linquake.nl\/uebersetzungsbuero-linquake\/technisches-uebersetzungsbuero\/"},"modified":"2021-07-19T15:45:48","modified_gmt":"2021-07-19T13:45:48","slug":"technisches-uebersetzungsbuero","status":"publish","type":"page","link":"https:\/\/www.linquake.nl\/de\/uebersetzungsbuero\/technisches-uebersetzungsbuero","title":{"rendered":"Technisches \u00dcbersetzungsb\u00fcro"},"content":{"rendered":"","protected":false},"excerpt":{"rendered":"","protected":false},"author":14,"featured_media":0,"parent":3297,"menu_order":0,"comment_status":"closed","ping_status":"closed","template":"templates\/home.php","meta":{"_acf_changed":false,"footnotes":""},"class_list":["post-3631","page","type-page","status-publish","hentry"],"acf":[],"yoast_head":"<!-- This site is optimized with the Yoast SEO plugin v26.6 - https:\/\/yoast.com\/wordpress\/plugins\/seo\/ -->\n<title>Technisches \u00dcbersetzungsb\u00fcro | LinQuake<\/title>\n<meta name=\"description\" content=\"Als \u00dcbersetzungsb\u00fcro f\u00fcr technische \u00dcbersetzungen sind wir uns dessen bewusst, dass technisches Wissen eine Voraussetzung f\u00fcr eine gute \u00dcbersetzung ist. Der Schwerpunkt bei der Anfertigung Ihrer technischen \u00dcbersetzungen liegt daher auf dem Einsatz von Fachspezialisten.\" \/>\n<meta name=\"robots\" content=\"index, follow, max-snippet:-1, max-image-preview:large, max-video-preview:-1\" \/>\n<link rel=\"canonical\" href=\"https:\/\/www.linquake.nl\/de\/uebersetzungsbuero\/technisches-uebersetzungsbuero\" \/>\n<meta property=\"og:locale\" content=\"de_DE\" \/>\n<meta property=\"og:type\" content=\"article\" \/>\n<meta property=\"og:title\" content=\"Technisches \u00dcbersetzungsb\u00fcro | LinQuake\" \/>\n<meta property=\"og:description\" content=\"Als \u00dcbersetzungsb\u00fcro f\u00fcr technische \u00dcbersetzungen sind wir uns dessen bewusst, dass technisches Wissen eine Voraussetzung f\u00fcr eine gute \u00dcbersetzung ist. Der Schwerpunkt bei der Anfertigung Ihrer technischen \u00dcbersetzungen liegt daher auf dem Einsatz von Fachspezialisten.\" \/>\n<meta property=\"og:url\" content=\"https:\/\/www.linquake.nl\/de\/uebersetzungsbuero\/technisches-uebersetzungsbuero\" \/>\n<meta property=\"og:site_name\" content=\"LinQuake\" \/>\n<meta property=\"article:publisher\" content=\"https:\/\/www.facebook.com\/LinQuakeNL\/\" \/>\n<meta property=\"article:modified_time\" content=\"2021-07-19T13:45:48+00:00\" \/>\n<meta property=\"og:image\" content=\"https:\/\/www.linquake.nl\/wp-content\/uploads\/2022\/08\/Internationale-SEO-2.png\" \/>\n\t<meta property=\"og:image:width\" content=\"1410\" \/>\n\t<meta property=\"og:image:height\" content=\"600\" \/>\n\t<meta property=\"og:image:type\" content=\"image\/png\" \/>\n<meta name=\"twitter:card\" content=\"summary_large_image\" \/>\n<script type=\"application\/ld+json\" class=\"yoast-schema-graph\">{\"@context\":\"https:\/\/schema.org\",\"@graph\":[{\"@type\":\"WebPage\",\"@id\":\"https:\/\/www.linquake.nl\/de\/uebersetzungsbuero\/technisches-uebersetzungsbuero\",\"url\":\"https:\/\/www.linquake.nl\/de\/uebersetzungsbuero\/technisches-uebersetzungsbuero\",\"name\":\"Technisches \u00dcbersetzungsb\u00fcro | LinQuake\",\"isPartOf\":{\"@id\":\"https:\/\/www.linquake.nl\/de#website\"},\"datePublished\":\"2021-04-22T13:16:27+00:00\",\"dateModified\":\"2021-07-19T13:45:48+00:00\",\"description\":\"Als \u00dcbersetzungsb\u00fcro f\u00fcr technische \u00dcbersetzungen sind wir uns dessen bewusst, dass technisches Wissen eine Voraussetzung f\u00fcr eine gute \u00dcbersetzung ist. Der Schwerpunkt bei der Anfertigung Ihrer technischen \u00dcbersetzungen liegt daher auf dem Einsatz von Fachspezialisten.\",\"breadcrumb\":{\"@id\":\"https:\/\/www.linquake.nl\/de\/uebersetzungsbuero\/technisches-uebersetzungsbuero#breadcrumb\"},\"inLanguage\":\"de\",\"potentialAction\":[{\"@type\":\"ReadAction\",\"target\":[\"https:\/\/www.linquake.nl\/de\/uebersetzungsbuero\/technisches-uebersetzungsbuero\"]}]},{\"@type\":\"BreadcrumbList\",\"@id\":\"https:\/\/www.linquake.nl\/de\/uebersetzungsbuero\/technisches-uebersetzungsbuero#breadcrumb\",\"itemListElement\":[{\"@type\":\"ListItem\",\"position\":1,\"name\":\"Home\",\"item\":\"https:\/\/www.linquake.nl\/de\"},{\"@type\":\"ListItem\",\"position\":2,\"name\":\"\u00dcbersetzungsb\u00fcro LinQuake\",\"item\":\"https:\/\/www.linquake.nl\/de\/uebersetzungsbuero\"},{\"@type\":\"ListItem\",\"position\":3,\"name\":\"Technisches \u00dcbersetzungsb\u00fcro\"}]},{\"@type\":\"WebSite\",\"@id\":\"https:\/\/www.linquake.nl\/de#website\",\"url\":\"https:\/\/www.linquake.nl\/de\",\"name\":\"LinQuake\",\"description\":\"Translations, content management, consulting and technology\",\"publisher\":{\"@id\":\"https:\/\/www.linquake.nl\/de#organization\"},\"potentialAction\":[{\"@type\":\"SearchAction\",\"target\":{\"@type\":\"EntryPoint\",\"urlTemplate\":\"https:\/\/www.linquake.nl\/de?s={search_term_string}\"},\"query-input\":{\"@type\":\"PropertyValueSpecification\",\"valueRequired\":true,\"valueName\":\"search_term_string\"}}],\"inLanguage\":\"de\"},{\"@type\":\"Organization\",\"@id\":\"https:\/\/www.linquake.nl\/de#organization\",\"name\":\"LinQuake\",\"url\":\"https:\/\/www.linquake.nl\/de\",\"logo\":{\"@type\":\"ImageObject\",\"inLanguage\":\"de\",\"@id\":\"https:\/\/www.linquake.nl\/de#\/schema\/logo\/image\/\",\"url\":\"https:\/\/www.linquake.nl\/wp-content\/uploads\/2017\/09\/lqicon.png\",\"contentUrl\":\"https:\/\/www.linquake.nl\/wp-content\/uploads\/2017\/09\/lqicon.png\",\"width\":128,\"height\":128,\"caption\":\"LinQuake\"},\"image\":{\"@id\":\"https:\/\/www.linquake.nl\/de#\/schema\/logo\/image\/\"},\"sameAs\":[\"https:\/\/www.facebook.com\/LinQuakeNL\/\",\"https:\/\/www.linkedin.com\/company\/linquake\/\",\"https:\/\/www.youtube.com\/channel\/UCR8Yoj5i-tb0zzfp7NpZT-Q\"]}]}<\/script>\n<!-- \/ Yoast SEO plugin. -->","yoast_head_json":{"title":"Technisches \u00dcbersetzungsb\u00fcro | LinQuake","description":"Als \u00dcbersetzungsb\u00fcro f\u00fcr technische \u00dcbersetzungen sind wir uns dessen bewusst, dass technisches Wissen eine Voraussetzung f\u00fcr eine gute \u00dcbersetzung ist. Der Schwerpunkt bei der Anfertigung Ihrer technischen \u00dcbersetzungen liegt daher auf dem Einsatz von Fachspezialisten.","robots":{"index":"index","follow":"follow","max-snippet":"max-snippet:-1","max-image-preview":"max-image-preview:large","max-video-preview":"max-video-preview:-1"},"canonical":"https:\/\/www.linquake.nl\/de\/uebersetzungsbuero\/technisches-uebersetzungsbuero","og_locale":"de_DE","og_type":"article","og_title":"Technisches \u00dcbersetzungsb\u00fcro | LinQuake","og_description":"Als \u00dcbersetzungsb\u00fcro f\u00fcr technische \u00dcbersetzungen sind wir uns dessen bewusst, dass technisches Wissen eine Voraussetzung f\u00fcr eine gute \u00dcbersetzung ist. Der Schwerpunkt bei der Anfertigung Ihrer technischen \u00dcbersetzungen liegt daher auf dem Einsatz von Fachspezialisten.","og_url":"https:\/\/www.linquake.nl\/de\/uebersetzungsbuero\/technisches-uebersetzungsbuero","og_site_name":"LinQuake","article_publisher":"https:\/\/www.facebook.com\/LinQuakeNL\/","article_modified_time":"2021-07-19T13:45:48+00:00","og_image":[{"width":1410,"height":600,"url":"https:\/\/www.linquake.nl\/wp-content\/uploads\/2022\/08\/Internationale-SEO-2.png","type":"image\/png"}],"twitter_card":"summary_large_image","schema":{"@context":"https:\/\/schema.org","@graph":[{"@type":"WebPage","@id":"https:\/\/www.linquake.nl\/de\/uebersetzungsbuero\/technisches-uebersetzungsbuero","url":"https:\/\/www.linquake.nl\/de\/uebersetzungsbuero\/technisches-uebersetzungsbuero","name":"Technisches \u00dcbersetzungsb\u00fcro | LinQuake","isPartOf":{"@id":"https:\/\/www.linquake.nl\/de#website"},"datePublished":"2021-04-22T13:16:27+00:00","dateModified":"2021-07-19T13:45:48+00:00","description":"Als \u00dcbersetzungsb\u00fcro f\u00fcr technische \u00dcbersetzungen sind wir uns dessen bewusst, dass technisches Wissen eine Voraussetzung f\u00fcr eine gute \u00dcbersetzung ist. Der Schwerpunkt bei der Anfertigung Ihrer technischen \u00dcbersetzungen liegt daher auf dem Einsatz von Fachspezialisten.","breadcrumb":{"@id":"https:\/\/www.linquake.nl\/de\/uebersetzungsbuero\/technisches-uebersetzungsbuero#breadcrumb"},"inLanguage":"de","potentialAction":[{"@type":"ReadAction","target":["https:\/\/www.linquake.nl\/de\/uebersetzungsbuero\/technisches-uebersetzungsbuero"]}]},{"@type":"BreadcrumbList","@id":"https:\/\/www.linquake.nl\/de\/uebersetzungsbuero\/technisches-uebersetzungsbuero#breadcrumb","itemListElement":[{"@type":"ListItem","position":1,"name":"Home","item":"https:\/\/www.linquake.nl\/de"},{"@type":"ListItem","position":2,"name":"\u00dcbersetzungsb\u00fcro LinQuake","item":"https:\/\/www.linquake.nl\/de\/uebersetzungsbuero"},{"@type":"ListItem","position":3,"name":"Technisches \u00dcbersetzungsb\u00fcro"}]},{"@type":"WebSite","@id":"https:\/\/www.linquake.nl\/de#website","url":"https:\/\/www.linquake.nl\/de","name":"LinQuake","description":"Translations, content management, consulting and technology","publisher":{"@id":"https:\/\/www.linquake.nl\/de#organization"},"potentialAction":[{"@type":"SearchAction","target":{"@type":"EntryPoint","urlTemplate":"https:\/\/www.linquake.nl\/de?s={search_term_string}"},"query-input":{"@type":"PropertyValueSpecification","valueRequired":true,"valueName":"search_term_string"}}],"inLanguage":"de"},{"@type":"Organization","@id":"https:\/\/www.linquake.nl\/de#organization","name":"LinQuake","url":"https:\/\/www.linquake.nl\/de","logo":{"@type":"ImageObject","inLanguage":"de","@id":"https:\/\/www.linquake.nl\/de#\/schema\/logo\/image\/","url":"https:\/\/www.linquake.nl\/wp-content\/uploads\/2017\/09\/lqicon.png","contentUrl":"https:\/\/www.linquake.nl\/wp-content\/uploads\/2017\/09\/lqicon.png","width":128,"height":128,"caption":"LinQuake"},"image":{"@id":"https:\/\/www.linquake.nl\/de#\/schema\/logo\/image\/"},"sameAs":["https:\/\/www.facebook.com\/LinQuakeNL\/","https:\/\/www.linkedin.com\/company\/linquake\/","https:\/\/www.youtube.com\/channel\/UCR8Yoj5i-tb0zzfp7NpZT-Q"]}]}},"_links":{"self":[{"href":"https:\/\/www.linquake.nl\/de\/wp-json\/wp\/v2\/pages\/3631","targetHints":{"allow":["GET"]}}],"collection":[{"href":"https:\/\/www.linquake.nl\/de\/wp-json\/wp\/v2\/pages"}],"about":[{"href":"https:\/\/www.linquake.nl\/de\/wp-json\/wp\/v2\/types\/page"}],"author":[{"embeddable":true,"href":"https:\/\/www.linquake.nl\/de\/wp-json\/wp\/v2\/users\/14"}],"replies":[{"embeddable":true,"href":"https:\/\/www.linquake.nl\/de\/wp-json\/wp\/v2\/comments?post=3631"}],"version-history":[{"count":0,"href":"https:\/\/www.linquake.nl\/de\/wp-json\/wp\/v2\/pages\/3631\/revisions"}],"up":[{"embeddable":true,"href":"https:\/\/www.linquake.nl\/de\/wp-json\/wp\/v2\/pages\/3297"}],"wp:attachment":[{"href":"https:\/\/www.linquake.nl\/de\/wp-json\/wp\/v2\/media?parent=3631"}],"curies":[{"name":"wp","href":"https:\/\/api.w.org\/{rel}","templated":true}]}}