{"id":5756,"date":"2022-11-16T09:23:28","date_gmt":"2022-11-16T08:23:28","guid":{"rendered":"https:\/\/www.linquake.nl\/uebersetzungsbuero\/uebersetzungsbuero-fuer-englisch"},"modified":"2023-01-26T11:45:43","modified_gmt":"2023-01-26T10:45:43","slug":"uebersetzungsbuero-englisch","status":"publish","type":"page","link":"https:\/\/www.linquake.nl\/de\/uebersetzungsbuero\/uebersetzungsbuero-englisch","title":{"rendered":"\u00dcbersetzungsb\u00fcro Englisch"},"content":{"rendered":"","protected":false},"excerpt":{"rendered":"","protected":false},"author":14,"featured_media":0,"parent":3297,"menu_order":0,"comment_status":"closed","ping_status":"closed","template":"templates\/home.php","meta":{"_acf_changed":false,"footnotes":""},"class_list":["post-5756","page","type-page","status-publish","hentry"],"acf":[],"yoast_head":"<!-- This site is optimized with the Yoast SEO plugin v26.6 - https:\/\/yoast.com\/wordpress\/plugins\/seo\/ -->\n<title>\u00dcbersetzungen Englisch | \u00dcbersetzungsb\u00fcro LinQuake<\/title>\n<meta name=\"description\" content=\"Professionelles \u00dcbersetzungsb\u00fcro f\u00fcr Englisch \u2713 ISO 17100 \u2713 Qualit\u00e4tsgarantie \u2713 K\u00fcrzeste Lieferzeiten \u2713 Technologie \u2713 info@linquake.nl \u260e +31 (0)13 - 850 5977\" \/>\n<meta name=\"robots\" content=\"index, follow, max-snippet:-1, max-image-preview:large, max-video-preview:-1\" \/>\n<link rel=\"canonical\" href=\"https:\/\/www.linquake.nl\/de\/uebersetzungsbuero\/uebersetzungsbuero-englisch\" \/>\n<meta property=\"og:locale\" content=\"de_DE\" \/>\n<meta property=\"og:type\" content=\"article\" \/>\n<meta property=\"og:title\" content=\"\u00dcbersetzungen Englisch | \u00dcbersetzungsb\u00fcro LinQuake\" \/>\n<meta property=\"og:description\" content=\"Professionelles \u00dcbersetzungsb\u00fcro f\u00fcr Englisch \u2713 ISO 17100 \u2713 Qualit\u00e4tsgarantie \u2713 K\u00fcrzeste Lieferzeiten \u2713 Technologie \u2713 info@linquake.nl \u260e +31 (0)13 - 850 5977\" \/>\n<meta property=\"og:url\" content=\"https:\/\/www.linquake.nl\/de\/uebersetzungsbuero\/uebersetzungsbuero-englisch\" \/>\n<meta property=\"og:site_name\" content=\"LinQuake\" \/>\n<meta property=\"article:publisher\" content=\"https:\/\/www.facebook.com\/LinQuakeNL\/\" \/>\n<meta property=\"article:modified_time\" content=\"2023-01-26T10:45:43+00:00\" \/>\n<meta property=\"og:image\" content=\"https:\/\/www.linquake.nl\/wp-content\/uploads\/2022\/08\/Internationale-SEO-2.png\" \/>\n\t<meta property=\"og:image:width\" content=\"1410\" \/>\n\t<meta property=\"og:image:height\" content=\"600\" \/>\n\t<meta property=\"og:image:type\" content=\"image\/png\" \/>\n<meta name=\"twitter:card\" content=\"summary_large_image\" \/>\n<script type=\"application\/ld+json\" class=\"yoast-schema-graph\">{\"@context\":\"https:\/\/schema.org\",\"@graph\":[{\"@type\":\"WebPage\",\"@id\":\"https:\/\/www.linquake.nl\/de\/uebersetzungsbuero\/uebersetzungsbuero-englisch\",\"url\":\"https:\/\/www.linquake.nl\/de\/uebersetzungsbuero\/uebersetzungsbuero-englisch\",\"name\":\"\u00dcbersetzungen Englisch | \u00dcbersetzungsb\u00fcro LinQuake\",\"isPartOf\":{\"@id\":\"https:\/\/www.linquake.nl\/de#website\"},\"datePublished\":\"2022-11-16T08:23:28+00:00\",\"dateModified\":\"2023-01-26T10:45:43+00:00\",\"description\":\"Professionelles \u00dcbersetzungsb\u00fcro f\u00fcr Englisch \u2713 ISO 17100 \u2713 Qualit\u00e4tsgarantie \u2713 K\u00fcrzeste Lieferzeiten \u2713 Technologie \u2713 info@linquake.nl \u260e +31 (0)13 - 850 5977\",\"breadcrumb\":{\"@id\":\"https:\/\/www.linquake.nl\/de\/uebersetzungsbuero\/uebersetzungsbuero-englisch#breadcrumb\"},\"inLanguage\":\"de\",\"potentialAction\":[{\"@type\":\"ReadAction\",\"target\":[\"https:\/\/www.linquake.nl\/de\/uebersetzungsbuero\/uebersetzungsbuero-englisch\"]}]},{\"@type\":\"BreadcrumbList\",\"@id\":\"https:\/\/www.linquake.nl\/de\/uebersetzungsbuero\/uebersetzungsbuero-englisch#breadcrumb\",\"itemListElement\":[{\"@type\":\"ListItem\",\"position\":1,\"name\":\"Home\",\"item\":\"https:\/\/www.linquake.nl\/de\"},{\"@type\":\"ListItem\",\"position\":2,\"name\":\"\u00dcbersetzungsb\u00fcro LinQuake\",\"item\":\"https:\/\/www.linquake.nl\/de\/uebersetzungsbuero\"},{\"@type\":\"ListItem\",\"position\":3,\"name\":\"\u00dcbersetzungsb\u00fcro Englisch\"}]},{\"@type\":\"WebSite\",\"@id\":\"https:\/\/www.linquake.nl\/de#website\",\"url\":\"https:\/\/www.linquake.nl\/de\",\"name\":\"LinQuake\",\"description\":\"Translations, content management, consulting and technology\",\"publisher\":{\"@id\":\"https:\/\/www.linquake.nl\/de#organization\"},\"potentialAction\":[{\"@type\":\"SearchAction\",\"target\":{\"@type\":\"EntryPoint\",\"urlTemplate\":\"https:\/\/www.linquake.nl\/de?s={search_term_string}\"},\"query-input\":{\"@type\":\"PropertyValueSpecification\",\"valueRequired\":true,\"valueName\":\"search_term_string\"}}],\"inLanguage\":\"de\"},{\"@type\":\"Organization\",\"@id\":\"https:\/\/www.linquake.nl\/de#organization\",\"name\":\"LinQuake\",\"url\":\"https:\/\/www.linquake.nl\/de\",\"logo\":{\"@type\":\"ImageObject\",\"inLanguage\":\"de\",\"@id\":\"https:\/\/www.linquake.nl\/de#\/schema\/logo\/image\/\",\"url\":\"https:\/\/www.linquake.nl\/wp-content\/uploads\/2017\/09\/lqicon.png\",\"contentUrl\":\"https:\/\/www.linquake.nl\/wp-content\/uploads\/2017\/09\/lqicon.png\",\"width\":128,\"height\":128,\"caption\":\"LinQuake\"},\"image\":{\"@id\":\"https:\/\/www.linquake.nl\/de#\/schema\/logo\/image\/\"},\"sameAs\":[\"https:\/\/www.facebook.com\/LinQuakeNL\/\",\"https:\/\/www.linkedin.com\/company\/linquake\/\",\"https:\/\/www.youtube.com\/channel\/UCR8Yoj5i-tb0zzfp7NpZT-Q\"]}]}<\/script>\n<!-- \/ Yoast SEO plugin. -->","yoast_head_json":{"title":"\u00dcbersetzungen Englisch | \u00dcbersetzungsb\u00fcro LinQuake","description":"Professionelles \u00dcbersetzungsb\u00fcro f\u00fcr Englisch \u2713 ISO 17100 \u2713 Qualit\u00e4tsgarantie \u2713 K\u00fcrzeste Lieferzeiten \u2713 Technologie \u2713 info@linquake.nl \u260e +31 (0)13 - 850 5977","robots":{"index":"index","follow":"follow","max-snippet":"max-snippet:-1","max-image-preview":"max-image-preview:large","max-video-preview":"max-video-preview:-1"},"canonical":"https:\/\/www.linquake.nl\/de\/uebersetzungsbuero\/uebersetzungsbuero-englisch","og_locale":"de_DE","og_type":"article","og_title":"\u00dcbersetzungen Englisch | \u00dcbersetzungsb\u00fcro LinQuake","og_description":"Professionelles \u00dcbersetzungsb\u00fcro f\u00fcr Englisch \u2713 ISO 17100 \u2713 Qualit\u00e4tsgarantie \u2713 K\u00fcrzeste Lieferzeiten \u2713 Technologie \u2713 info@linquake.nl \u260e +31 (0)13 - 850 5977","og_url":"https:\/\/www.linquake.nl\/de\/uebersetzungsbuero\/uebersetzungsbuero-englisch","og_site_name":"LinQuake","article_publisher":"https:\/\/www.facebook.com\/LinQuakeNL\/","article_modified_time":"2023-01-26T10:45:43+00:00","og_image":[{"width":1410,"height":600,"url":"https:\/\/www.linquake.nl\/wp-content\/uploads\/2022\/08\/Internationale-SEO-2.png","type":"image\/png"}],"twitter_card":"summary_large_image","schema":{"@context":"https:\/\/schema.org","@graph":[{"@type":"WebPage","@id":"https:\/\/www.linquake.nl\/de\/uebersetzungsbuero\/uebersetzungsbuero-englisch","url":"https:\/\/www.linquake.nl\/de\/uebersetzungsbuero\/uebersetzungsbuero-englisch","name":"\u00dcbersetzungen Englisch | \u00dcbersetzungsb\u00fcro LinQuake","isPartOf":{"@id":"https:\/\/www.linquake.nl\/de#website"},"datePublished":"2022-11-16T08:23:28+00:00","dateModified":"2023-01-26T10:45:43+00:00","description":"Professionelles \u00dcbersetzungsb\u00fcro f\u00fcr Englisch \u2713 ISO 17100 \u2713 Qualit\u00e4tsgarantie \u2713 K\u00fcrzeste Lieferzeiten \u2713 Technologie \u2713 info@linquake.nl \u260e +31 (0)13 - 850 5977","breadcrumb":{"@id":"https:\/\/www.linquake.nl\/de\/uebersetzungsbuero\/uebersetzungsbuero-englisch#breadcrumb"},"inLanguage":"de","potentialAction":[{"@type":"ReadAction","target":["https:\/\/www.linquake.nl\/de\/uebersetzungsbuero\/uebersetzungsbuero-englisch"]}]},{"@type":"BreadcrumbList","@id":"https:\/\/www.linquake.nl\/de\/uebersetzungsbuero\/uebersetzungsbuero-englisch#breadcrumb","itemListElement":[{"@type":"ListItem","position":1,"name":"Home","item":"https:\/\/www.linquake.nl\/de"},{"@type":"ListItem","position":2,"name":"\u00dcbersetzungsb\u00fcro LinQuake","item":"https:\/\/www.linquake.nl\/de\/uebersetzungsbuero"},{"@type":"ListItem","position":3,"name":"\u00dcbersetzungsb\u00fcro Englisch"}]},{"@type":"WebSite","@id":"https:\/\/www.linquake.nl\/de#website","url":"https:\/\/www.linquake.nl\/de","name":"LinQuake","description":"Translations, content management, consulting and technology","publisher":{"@id":"https:\/\/www.linquake.nl\/de#organization"},"potentialAction":[{"@type":"SearchAction","target":{"@type":"EntryPoint","urlTemplate":"https:\/\/www.linquake.nl\/de?s={search_term_string}"},"query-input":{"@type":"PropertyValueSpecification","valueRequired":true,"valueName":"search_term_string"}}],"inLanguage":"de"},{"@type":"Organization","@id":"https:\/\/www.linquake.nl\/de#organization","name":"LinQuake","url":"https:\/\/www.linquake.nl\/de","logo":{"@type":"ImageObject","inLanguage":"de","@id":"https:\/\/www.linquake.nl\/de#\/schema\/logo\/image\/","url":"https:\/\/www.linquake.nl\/wp-content\/uploads\/2017\/09\/lqicon.png","contentUrl":"https:\/\/www.linquake.nl\/wp-content\/uploads\/2017\/09\/lqicon.png","width":128,"height":128,"caption":"LinQuake"},"image":{"@id":"https:\/\/www.linquake.nl\/de#\/schema\/logo\/image\/"},"sameAs":["https:\/\/www.facebook.com\/LinQuakeNL\/","https:\/\/www.linkedin.com\/company\/linquake\/","https:\/\/www.youtube.com\/channel\/UCR8Yoj5i-tb0zzfp7NpZT-Q"]}]}},"_links":{"self":[{"href":"https:\/\/www.linquake.nl\/de\/wp-json\/wp\/v2\/pages\/5756","targetHints":{"allow":["GET"]}}],"collection":[{"href":"https:\/\/www.linquake.nl\/de\/wp-json\/wp\/v2\/pages"}],"about":[{"href":"https:\/\/www.linquake.nl\/de\/wp-json\/wp\/v2\/types\/page"}],"author":[{"embeddable":true,"href":"https:\/\/www.linquake.nl\/de\/wp-json\/wp\/v2\/users\/14"}],"replies":[{"embeddable":true,"href":"https:\/\/www.linquake.nl\/de\/wp-json\/wp\/v2\/comments?post=5756"}],"version-history":[{"count":0,"href":"https:\/\/www.linquake.nl\/de\/wp-json\/wp\/v2\/pages\/5756\/revisions"}],"up":[{"embeddable":true,"href":"https:\/\/www.linquake.nl\/de\/wp-json\/wp\/v2\/pages\/3297"}],"wp:attachment":[{"href":"https:\/\/www.linquake.nl\/de\/wp-json\/wp\/v2\/media?parent=5756"}],"curies":[{"name":"wp","href":"https:\/\/api.w.org\/{rel}","templated":true}]}}